{"id":217,"date":"2021-01-24T15:45:41","date_gmt":"2021-01-24T15:45:41","guid":{"rendered":"https:\/\/mcbeschriftungen.ch\/?page_id=217"},"modified":"2021-04-19T22:00:35","modified_gmt":"2021-04-19T22:00:35","slug":"werbesysteme","status":"publish","type":"page","link":"https:\/\/mcbeschriftungen.ch\/?page_id=217","title":{"rendered":"Werbesysteme"},"content":{"rendered":"\n\n\t<h1>\n\t\t\t\t\tIhr Anliegen richtig pr\u00e4sentieren\n\t\t\t\t<\/h1>\n\t\t\t<p>an Events oder Messen<\/p>\n\t<p>Wer kennt sie nicht, die schicken, praktischen Informations- und Werbedisplays.\u00a0Sie zeichnen sich sich durch ihre ansprechende Optik aus, sind handlich und sehr leicht transportierbar.<\/p>\n<p>Der Einsatz ist sehr vielseitig:<\/p>\n<p>Als mobiler Werbe- und Informationstr\u00e4ger f\u00fcr Messest\u00e4nde, Produktep\u00e4sentationen, Tagungen, Informationsst\u00e4nde, aber auch als Fix-Installation in Ateliers, Salons, B\u00fcros.<\/p>\n\t\t\t\t<img loading=\"lazy\" decoding=\"async\" src=\"https:\/\/mcbeschriftungen.ch\/wp-content\/uploads\/2021\/02\/image.jpg\" alt=\"display_fcu\" itemprop=\"image\" height=\"930\" width=\"620\" title=\"display_fcu\" onerror=\"this.style.display='none'\"  \/>\n\n","protected":false},"excerpt":{"rendered":"<p>Ihr Anliegen richtig pr\u00e4sentieren an Events oder Messen Wer kennt sie nicht, die schicken, praktischen Informations- und Werbedisplays.\u00a0Sie zeichnen sich sich durch ihre ansprechende Optik aus, sind handlich und sehr leicht transportierbar. Der Einsatz ist sehr vielseitig: Als mobiler Werbe- und Informationstr\u00e4ger f\u00fcr Messest\u00e4nde, Produktep\u00e4sentationen, Tagungen, Informationsst\u00e4nde, aber auch als Fix-Installation in Ateliers, Salons, B\u00fcros.<\/p>\n","protected":false},"author":1,"featured_media":0,"parent":0,"menu_order":0,"comment_status":"closed","ping_status":"closed","template":"","meta":{"site-sidebar-layout":"no-sidebar","site-content-layout":"page-builder","ast-site-content-layout":"default","site-content-style":"default","site-sidebar-style":"default","ast-global-header-display":"","ast-banner-title-visibility":"","ast-main-header-display":"","ast-hfb-above-header-display":"","ast-hfb-below-header-display":"","ast-hfb-mobile-header-display":"","site-post-title":"disabled","ast-breadcrumbs-content":"","ast-featured-img":"disabled","footer-sml-layout":"","ast-disable-related-posts":"","theme-transparent-header-meta":"","adv-header-id-meta":"","stick-header-meta":"","header-above-stick-meta":"","header-main-stick-meta":"","header-below-stick-meta":"","astra-migrate-meta-layouts":"default","ast-page-background-enabled":"default","ast-page-background-meta":{"desktop":{"background-color":"","background-image":"","background-repeat":"repeat","background-position":"center center","background-size":"auto","background-attachment":"scroll","background-type":"","background-media":"","overlay-type":"","overlay-color":"","overlay-opacity":"","overlay-gradient":""},"tablet":{"background-color":"","background-image":"","background-repeat":"repeat","background-position":"center center","background-size":"auto","background-attachment":"scroll","background-type":"","background-media":"","overlay-type":"","overlay-color":"","overlay-opacity":"","overlay-gradient":""},"mobile":{"background-color":"","background-image":"","background-repeat":"repeat","background-position":"center center","background-size":"auto","background-attachment":"scroll","background-type":"","background-media":"","overlay-type":"","overlay-color":"","overlay-opacity":"","overlay-gradient":""}},"ast-content-background-meta":{"desktop":{"background-color":"var(--ast-global-color-5)","background-image":"","background-repeat":"repeat","background-position":"center center","background-size":"auto","background-attachment":"scroll","background-type":"","background-media":"","overlay-type":"","overlay-color":"","overlay-opacity":"","overlay-gradient":""},"tablet":{"background-color":"var(--ast-global-color-5)","background-image":"","background-repeat":"repeat","background-position":"center center","background-size":"auto","background-attachment":"scroll","background-type":"","background-media":"","overlay-type":"","overlay-color":"","overlay-opacity":"","overlay-gradient":""},"mobile":{"background-color":"var(--ast-global-color-5)","background-image":"","background-repeat":"repeat","background-position":"center center","background-size":"auto","background-attachment":"scroll","background-type":"","background-media":"","overlay-type":"","overlay-color":"","overlay-opacity":"","overlay-gradient":""}},"footnotes":""},"class_list":["post-217","page","type-page","status-publish","hentry"],"_links":{"self":[{"href":"https:\/\/mcbeschriftungen.ch\/index.php?rest_route=\/wp\/v2\/pages\/217","targetHints":{"allow":["GET"]}}],"collection":[{"href":"https:\/\/mcbeschriftungen.ch\/index.php?rest_route=\/wp\/v2\/pages"}],"about":[{"href":"https:\/\/mcbeschriftungen.ch\/index.php?rest_route=\/wp\/v2\/types\/page"}],"author":[{"embeddable":true,"href":"https:\/\/mcbeschriftungen.ch\/index.php?rest_route=\/wp\/v2\/users\/1"}],"replies":[{"embeddable":true,"href":"https:\/\/mcbeschriftungen.ch\/index.php?rest_route=%2Fwp%2Fv2%2Fcomments&post=217"}],"version-history":[{"count":8,"href":"https:\/\/mcbeschriftungen.ch\/index.php?rest_route=\/wp\/v2\/pages\/217\/revisions"}],"predecessor-version":[{"id":1447,"href":"https:\/\/mcbeschriftungen.ch\/index.php?rest_route=\/wp\/v2\/pages\/217\/revisions\/1447"}],"wp:attachment":[{"href":"https:\/\/mcbeschriftungen.ch\/index.php?rest_route=%2Fwp%2Fv2%2Fmedia&parent=217"}],"curies":[{"name":"wp","href":"https:\/\/api.w.org\/{rel}","templated":true}]}}