{"id":21,"date":"2021-01-24T14:45:22","date_gmt":"2021-01-24T14:45:22","guid":{"rendered":"https:\/\/mcbeschriftungen.ch\/?page_id=21"},"modified":"2023-11-03T13:57:59","modified_gmt":"2023-11-03T12:57:59","slug":"home","status":"publish","type":"page","link":"https:\/\/mcbeschriftungen.ch\/","title":{"rendered":"Home"},"content":{"rendered":"\n\n\t<h1>\n\t\t\t\t\tTop Diensleistungen f\u00fcr Ihren Erfolg\n\t\t\t\t<\/h1>\n\t\t\t<p>Wir sind mehr als Creative. Alles was mit Beschriftungen zu tun hat, ist bei uns in guten H\u00e4nden. Wir sind ein kleines, aber flexibles und creatives Team.<\/p>\n\t\t\t\t<img loading=\"lazy\" decoding=\"async\" src=\"https:\/\/mcbeschriftungen.ch\/wp-content\/uploads\/2021\/04\/IMG_0010-scaled.jpg\" alt=\"mc_printer\" itemprop=\"image\" height=\"1707\" width=\"2560\" title=\"mc_printer\" onerror=\"this.style.display='none'\"  \/>\n<h3>\n\t\tBeschriftung\n\t<\/h3>\n\t\t\t\t<img loading=\"lazy\" decoding=\"async\" src=\"https:\/\/mcbeschriftungen.ch\/wp-content\/uploads\/2021\/01\/circle_lkw.png\" alt=\"circle_lkw\" itemprop=\"image\" height=\"520\" width=\"520\" title=\"circle_lkw\" onerror=\"this.style.display='none'\"  \/>\n\t<p>Ein gut beschriftetes Fahrzeug f\u00e4llt auf und ist die Visitenkarte Ihres Betriebes. Von kleinen System-texten bis zur Vollverklebungen Ihres Fahrzeuges gestalten wir Layout nach Ihren W\u00fcnschen und Vorstellungen.<\/p>\n\t\t\t<a href=\"https:\/\/mcbeschriftungen.ch\/?page_id=1049\" target=\"_self\" rel=\"noopener\">\n\t\t\t\t\t\t\tmehr erfahren\n\t\t\t\t\t<\/a>\n<h3>\n\t\tGrafik\n\t<\/h3>\n\t\t\t\t<img loading=\"lazy\" decoding=\"async\" src=\"https:\/\/mcbeschriftungen.ch\/wp-content\/uploads\/2021\/01\/circle_grafik.png\" alt=\"circle_grafik\" itemprop=\"image\" height=\"521\" width=\"521\" title=\"circle_grafik\" onerror=\"this.style.display='none'\"  \/>\n\t<p>Wir realisieren Graphische Arbeiten rund um die Bereiche\u00a0Beschriftungen,\u00a0Gesch\u00e4fts -drucksachen und Prospekte, Pr\u00e4sentationen und Dokumentationen.<\/p>\n\t\t\t<a href=\"https:\/\/mcbeschriftungen.ch\/?page_id=193\" target=\"_self\" rel=\"noopener\">\n\t\t\t\t\t\t\tmehr erfahren\n\t\t\t\t\t<\/a>\n<h3>\n\t\tSichtschutz\n\t<\/h3>\n\t\t\t\t<img loading=\"lazy\" decoding=\"async\" src=\"https:\/\/mcbeschriftungen.ch\/wp-content\/uploads\/2021\/01\/circle_schutz.png\" alt=\"circle_schutz\" itemprop=\"image\" height=\"521\" width=\"520\" title=\"circle_schutz\" onerror=\"this.style.display='none'\"  \/>\n\tMit Werbung auf Schaufenster repr\u00e4sentieren Sie was Sie anbieten und laden ein, Ihr Lokal zu betreten.<br \/>\nIm Innenraum bietet sie Sichtschutz zwischen verglasten B\u00fcror\u00e4umen.\n\t\t\t<a href=\"https:\/\/mcbeschriftungen.ch\/?page_id=1049\" target=\"_self\" rel=\"noopener\">\n\t\t\t\t\t\t\tmehr erfahren\n\t\t\t\t\t<\/a>\n<h3>\n\t\tTextil\n\t<\/h3>\n\t\t\t\t<img loading=\"lazy\" decoding=\"async\" src=\"https:\/\/mcbeschriftungen.ch\/wp-content\/uploads\/2021\/01\/circle_tshirt.png\" alt=\"circle_tshirt\" itemprop=\"image\" height=\"520\" width=\"520\" title=\"circle_tshirt\" onerror=\"this.style.display='none'\"  \/>\n\t<p>Textildruck &#8211; perfekt f\u00fcr Firmen, Vereine, Mannschaften und Schulklassen. Lassen Sie sich von uns beeindrucken. Gerne k\u00f6nnen wir die Textilen auch personalisieren, z.B. mit Ihrem Namen und Logo.<\/p>\n\t\t\t<a href=\"https:\/\/mcbeschriftungen.ch\/?page_id=1049\" target=\"_self\" rel=\"noopener\">\n\t\t\t\t\t\t\tmehr erfahren\n\t\t\t\t\t<\/a>\n<h3>\n\t\tWerbesystem\n\t<\/h3>\n\t\t\t\t<img loading=\"lazy\" decoding=\"async\" src=\"https:\/\/mcbeschriftungen.ch\/wp-content\/uploads\/2021\/01\/circle_werbung.png\" alt=\"circle_werbung\" itemprop=\"image\" height=\"521\" width=\"520\" title=\"circle_werbung\" onerror=\"this.style.display='none'\"  \/>\n\t<p>Wer kennt sie nicht, die schicken, praktischen Informations- und Werbedisplays. Sie zeichnen sich nicht nur durch ihre ansprechende Optik aus, sie sind zudem handlich und sehr leicht transportierbar.<\/p>\n\t\t\t<a href=\"https:\/\/mcbeschriftungen.ch\/?page_id=217\" target=\"_self\" rel=\"noopener\">\n\t\t\t\t\t\t\tmehr erfahren\n\t\t\t\t\t<\/a>\n\t<h3>\n\t\t\t\t\twarum f\u00fcr uns entscheiden\n\t\t\t\t<\/h3>\n\t\t\t<p>modern &#8211; kompetent &#8211; professionell<\/p>\n\t<ul>\n\t\t<li>\t\t\t\t\n\t\t<h4>Erfahrung<\/h4><p>25 Jahre Erfahrung<\/p><\/li><li>\t\t\t\t\n\t\t<h4>Flexibilit\u00e4t<\/h4><p>Wir nehmen uns Zeit f\u00fcr Sie<\/p><\/li><li>\t\t\n\t\t\t\t<img decoding=\"async\" src=\"https:\/\/mcbeschriftungen.ch\/wp-content\/uploads\/2021\/02\/iconfinder-512-2.png\" alt=\"wallet\" itemprop=\"image\"\/>\n\t\t<h4>Faire Preise<\/h4><p>Sie erhalten seri\u00f6se Offerte<\/p><\/li>\t<\/ul>\n\t<ul>\n\t\t<li>\t\t\t\t\n\t\t<h4>lokales KMU<\/h4><p>\u00a0Schweizer Qualit\u00e4t<\/p><\/li><li>\t\t\n\t\t\t\t<img decoding=\"async\" src=\"https:\/\/mcbeschriftungen.ch\/wp-content\/uploads\/2021\/02\/magnify.png\" alt=\"magnify\" itemprop=\"image\"\/>\n\t\t<h4>hoher Qualit\u00e4t<\/h4><p>Einsatz moderne Technik<\/p><\/li><li>\t\t\n\t\t\t\t<img decoding=\"async\" src=\"https:\/\/mcbeschriftungen.ch\/wp-content\/uploads\/2021\/02\/bulb.png\" alt=\"bulb\" itemprop=\"image\"\/>\n\t\t<h4>Innovativ<\/h4><p>\u00a0Umsetzung Ihre Idee<\/p><\/li>\t<\/ul>\n\t<h3>\n\t\t\t\t\tBitte um R\u00fcckruf\n\t\t\t\t<\/h3>\n\t\n<div class=\"wpcf7 no-js\" id=\"wpcf7-f1156-o1\" lang=\"de-DE\" dir=\"ltr\" data-wpcf7-id=\"1156\">\n<div class=\"screen-reader-response\"><p role=\"status\" aria-live=\"polite\" aria-atomic=\"true\"><\/p> <ul><\/ul><\/div>\n<form action=\"\/index.php?rest_route=%2Fwp%2Fv2%2Fpages%2F21#wpcf7-f1156-o1\" method=\"post\" class=\"wpcf7-form init\" aria-label=\"Kontaktformular\" novalidate=\"novalidate\" data-status=\"init\">\n<fieldset class=\"hidden-fields-container\"><input type=\"hidden\" name=\"_wpcf7\" value=\"1156\" \/><input type=\"hidden\" name=\"_wpcf7_version\" value=\"6.1.5\" \/><input type=\"hidden\" name=\"_wpcf7_locale\" value=\"de_DE\" \/><input type=\"hidden\" name=\"_wpcf7_unit_tag\" value=\"wpcf7-f1156-o1\" \/><input type=\"hidden\" name=\"_wpcf7_container_post\" value=\"0\" \/><input type=\"hidden\" name=\"_wpcf7_posted_data_hash\" value=\"\" \/><input type=\"hidden\" name=\"_wpcf7_recaptcha_response\" value=\"\" \/>\n<\/fieldset>\n<p><label> Vorname Name*<br \/>\n<span class=\"wpcf7-form-control-wrap\" data-name=\"your-name\"><input size=\"40\" maxlength=\"400\" class=\"wpcf7-form-control wpcf7-text wpcf7-validates-as-required\" aria-required=\"true\" aria-invalid=\"false\" value=\"\" type=\"text\" name=\"your-name\" \/><\/span> <\/label>\n<\/p>\n<p><label> Telefon oder Mobile*<br \/>\n<span class=\"wpcf7-form-control-wrap\" data-name=\"your-telefon\"><input size=\"40\" maxlength=\"400\" class=\"wpcf7-form-control wpcf7-tel wpcf7-validates-as-required wpcf7-text wpcf7-validates-as-tel\" aria-required=\"true\" aria-invalid=\"false\" value=\"\" type=\"tel\" name=\"your-telefon\" \/><\/span> <\/label>\n<\/p>\n<p><label> E-Mail*<br \/>\n<span class=\"wpcf7-form-control-wrap\" data-name=\"your-email\"><input size=\"40\" maxlength=\"400\" class=\"wpcf7-form-control wpcf7-email wpcf7-validates-as-required wpcf7-text wpcf7-validates-as-email\" aria-required=\"true\" aria-invalid=\"false\" value=\"\" type=\"email\" name=\"your-email\" \/><\/span> <\/label>\n<\/p>\n<p><label> Nachricht<br \/>\n<span class=\"wpcf7-form-control-wrap\" data-name=\"your-message\"><textarea cols=\"40\" rows=\"2\" maxlength=\"2000\" class=\"wpcf7-form-control wpcf7-textarea\" aria-invalid=\"false\" name=\"your-message\"><\/textarea><\/span><\/label>\n<\/p>\n<p><input class=\"wpcf7-form-control wpcf7-submit has-spinner\" type=\"submit\" value=\"absenden\" \/>\n<\/p>\n<p>Bitte die mit * gekennzeichneten Felder ausf\u00fcllen.\n<\/p><p style=\"display: none !important;\" class=\"akismet-fields-container\" data-prefix=\"_wpcf7_ak_\"><label>&#916;<textarea name=\"_wpcf7_ak_hp_textarea\" cols=\"45\" rows=\"8\" maxlength=\"100\"><\/textarea><\/label><input type=\"hidden\" id=\"ak_js_1\" name=\"_wpcf7_ak_js\" value=\"228\"\/><script>document.getElementById( \"ak_js_1\" ).setAttribute( \"value\", ( new Date() ).getTime() );<\/script><\/p><div class=\"wpcf7-response-output\" aria-hidden=\"true\"><\/div>\n<\/form>\n<\/div>\n\n<h2>\n\t\tMehr als Creative\n\t<\/h2>\n<h3>\n\t\tMartin Cincera\n\t<\/h3>\n\t\t\t\t<img loading=\"lazy\" decoding=\"async\" src=\"https:\/\/mcbeschriftungen.ch\/wp-content\/uploads\/2021\/01\/mc_schatten-300x300.png\" alt=\"mc_circle\" itemprop=\"image\" height=\"300\" width=\"300\" title=\"mc_circle\" onerror=\"this.style.display='none'\"  \/>\n\t<p>Gesch\u00e4ftsf\u00fchrer und Inhaber<\/p>\n<p>Werbeschriften\u00a0zeigen was Sie k\u00f6nnen und sagen was Sache ist!<\/p>\n<p>Seit \u00fcber 20 Jahren setzen wir innovative Beschriftungen in die Tat um, damit sie im richtigen Licht erscheinen.<\/p>\n<p>MC Beschriftungen\u00a0bietet\u00a0Ihnen einen kompletten Rundum-Service mit Gestaltungsvorschl\u00e4gen und Konzepten. Zudem k\u00fcmmern wir uns um die Montage und Realisation.<\/p>\n\n","protected":false},"excerpt":{"rendered":"<p>Top Diensleistungen f\u00fcr Ihren Erfolg Wir sind mehr als Creative. Alles was mit Beschriftungen zu tun hat, ist bei uns in guten H\u00e4nden. Wir sind ein kleines, aber flexibles und creatives Team. Beschriftung Ein gut beschriftetes Fahrzeug f\u00e4llt auf und ist die Visitenkarte Ihres Betriebes. Von kleinen System-texten bis zur Vollverklebungen Ihres Fahrzeuges gestalten wir [&hellip;]<\/p>\n","protected":false},"author":1,"featured_media":0,"parent":0,"menu_order":0,"comment_status":"closed","ping_status":"closed","template":"","meta":{"site-sidebar-layout":"no-sidebar","site-content-layout":"page-builder","ast-site-content-layout":"default","site-content-style":"default","site-sidebar-style":"default","ast-global-header-display":"","ast-banner-title-visibility":"","ast-main-header-display":"","ast-hfb-above-header-display":"","ast-hfb-below-header-display":"","ast-hfb-mobile-header-display":"","site-post-title":"disabled","ast-breadcrumbs-content":"","ast-featured-img":"disabled","footer-sml-layout":"","ast-disable-related-posts":"","theme-transparent-header-meta":"","adv-header-id-meta":"","stick-header-meta":"","header-above-stick-meta":"","header-main-stick-meta":"","header-below-stick-meta":"","astra-migrate-meta-layouts":"default","ast-page-background-enabled":"default","ast-page-background-meta":{"desktop":{"background-color":"","background-image":"","background-repeat":"repeat","background-position":"center center","background-size":"auto","background-attachment":"scroll","background-type":"","background-media":"","overlay-type":"","overlay-color":"","overlay-opacity":"","overlay-gradient":""},"tablet":{"background-color":"","background-image":"","background-repeat":"repeat","background-position":"center center","background-size":"auto","background-attachment":"scroll","background-type":"","background-media":"","overlay-type":"","overlay-color":"","overlay-opacity":"","overlay-gradient":""},"mobile":{"background-color":"","background-image":"","background-repeat":"repeat","background-position":"center center","background-size":"auto","background-attachment":"scroll","background-type":"","background-media":"","overlay-type":"","overlay-color":"","overlay-opacity":"","overlay-gradient":""}},"ast-content-background-meta":{"desktop":{"background-color":"var(--ast-global-color-5)","background-image":"","background-repeat":"repeat","background-position":"center center","background-size":"auto","background-attachment":"scroll","background-type":"","background-media":"","overlay-type":"","overlay-color":"","overlay-opacity":"","overlay-gradient":""},"tablet":{"background-color":"var(--ast-global-color-5)","background-image":"","background-repeat":"repeat","background-position":"center center","background-size":"auto","background-attachment":"scroll","background-type":"","background-media":"","overlay-type":"","overlay-color":"","overlay-opacity":"","overlay-gradient":""},"mobile":{"background-color":"var(--ast-global-color-5)","background-image":"","background-repeat":"repeat","background-position":"center center","background-size":"auto","background-attachment":"scroll","background-type":"","background-media":"","overlay-type":"","overlay-color":"","overlay-opacity":"","overlay-gradient":""}},"footnotes":""},"class_list":["post-21","page","type-page","status-publish","hentry"],"_links":{"self":[{"href":"https:\/\/mcbeschriftungen.ch\/index.php?rest_route=\/wp\/v2\/pages\/21","targetHints":{"allow":["GET"]}}],"collection":[{"href":"https:\/\/mcbeschriftungen.ch\/index.php?rest_route=\/wp\/v2\/pages"}],"about":[{"href":"https:\/\/mcbeschriftungen.ch\/index.php?rest_route=\/wp\/v2\/types\/page"}],"author":[{"embeddable":true,"href":"https:\/\/mcbeschriftungen.ch\/index.php?rest_route=\/wp\/v2\/users\/1"}],"replies":[{"embeddable":true,"href":"https:\/\/mcbeschriftungen.ch\/index.php?rest_route=%2Fwp%2Fv2%2Fcomments&post=21"}],"version-history":[{"count":48,"href":"https:\/\/mcbeschriftungen.ch\/index.php?rest_route=\/wp\/v2\/pages\/21\/revisions"}],"predecessor-version":[{"id":1508,"href":"https:\/\/mcbeschriftungen.ch\/index.php?rest_route=\/wp\/v2\/pages\/21\/revisions\/1508"}],"wp:attachment":[{"href":"https:\/\/mcbeschriftungen.ch\/index.php?rest_route=%2Fwp%2Fv2%2Fmedia&parent=21"}],"curies":[{"name":"wp","href":"https:\/\/api.w.org\/{rel}","templated":true}]}}