{"id":1202,"date":"2021-02-26T09:47:25","date_gmt":"2021-02-26T09:47:25","guid":{"rendered":"https:\/\/mcbeschriftungen.ch\/?page_id=1202"},"modified":"2021-04-20T07:33:20","modified_gmt":"2021-04-20T07:33:20","slug":"dienstleistungen","status":"publish","type":"page","link":"https:\/\/mcbeschriftungen.ch\/?page_id=1202","title":{"rendered":"Dienstleistungen"},"content":{"rendered":"\n\n\t<h1>\n\t\t\t\t\tWas wir sonst noch bieten\n\t\t\t\t<\/h1>\n\t\t\t<p>Unsere Komplettl\u00f6sungen\u00a0<\/p>\n<p>von A-Z &#8211; damit Sie sich auf Ihr\u00a0<\/p>\n<p>Kerngesch\u00e4ft konzentrieren k\u00f6nnen.<\/p>\n\t\t\t\t<img loading=\"lazy\" decoding=\"async\" src=\"https:\/\/mcbeschriftungen.ch\/wp-content\/uploads\/2021\/02\/puzzle.jpg\" alt=\"puzzle\" itemprop=\"image\" height=\"391\" width=\"644\" title=\"puzzle\" onerror=\"this.style.display='none'\"  \/>\n<h4>\n\t\tMiontage \/ Demontage\n\t<\/h4>\n\t<p>Wir entfernen Folien und Schriften oder Klebstoffr\u00fcckst\u00e4nde. Auf Wunsch auch bei Ihnen im Betrieb &#8211; selbstverst\u00e4ndlich k\u00fcmmern wir uns auch um die Entsorgung.<\/p>\n<p>Wir montieren und demontieren fachgerecht und professionell Bautafeln, Tafeln, Blachen, Schilder, Informations- und Leitsysteme, Beschriftungen, Folien etc. und gehen dabei auch mal hoch hinaus!<\/p>\n\t\t\t\t<img loading=\"lazy\" decoding=\"async\" src=\"https:\/\/mcbeschriftungen.ch\/wp-content\/uploads\/2021\/02\/idea.jpg\" alt=\"idea\" itemprop=\"image\" height=\"391\" width=\"640\" title=\"idea\" onerror=\"this.style.display='none'\"  \/>\n<h4>\n\t\tKonzepte\n\t<\/h4>\n\t<p>Konzepte sind Detail\u00fcberlegungen zu Ihrem geplanten Vorhaben. Es beinhalten Grundsatz\u00fcberlegungen zur Umsetzung. Wie bieten Ihnen Konzeptionelle Unterst\u00fctzung an<\/p>\n\t\t\t\t<img loading=\"lazy\" decoding=\"async\" src=\"https:\/\/mcbeschriftungen.ch\/wp-content\/uploads\/2021\/02\/communication.jpg\" alt=\"communication\" itemprop=\"image\" height=\"391\" width=\"640\" title=\"communication\" onerror=\"this.style.display='none'\"  \/>\n<h4>\n\t\tKommunikation\n\t<\/h4>\n\t<p>Kommunikation soll zum Denken und Handeln anregen, soll Gef\u00fchle ausl\u00f6sen. Kommunikation bedeutet Interaktion und Information. Bei der Umsetzung unserer Arbeiten steht Kommunikation im Vordergrund. Wir wollen nicht nur &#8222;werben&#8220; oder &#8222;bewerben&#8220;, sondern kommunizieren.<\/p>\n\t\t\t\t<img loading=\"lazy\" decoding=\"async\" src=\"https:\/\/mcbeschriftungen.ch\/wp-content\/uploads\/2021\/02\/scheerenschnitt.png\" alt=\"scheerenschnitt\" itemprop=\"image\" height=\"383\" width=\"627\" title=\"scheerenschnitt\" onerror=\"this.style.display='none'\"  \/>\n<h4>\n\t\tGrafik \/ Logo\n\t<\/h4>\n\t<p>Wir realisieren Graphische Arbeiten rund um die Bereiche Beschriftungen, Gesch\u00e4ftsdurcksachen und Prospekte, Pr\u00e4sentationen und Dokumentationen.<\/p>\n<p>Auf Wunsch beraten wir Sie auch betreffend Firmenlogo oder entwickeln ein corporate design und dokumentieren dies in einem entsprechenden Manual, damit Ihr Marktauftritt einheitlich und professionell bleibt.<\/p>\n\n","protected":false},"excerpt":{"rendered":"<p>Was wir sonst noch bieten Unsere Komplettl\u00f6sungen\u00a0 von A-Z &#8211; damit Sie sich auf Ihr\u00a0 Kerngesch\u00e4ft konzentrieren k\u00f6nnen. Miontage \/ Demontage Wir entfernen Folien und Schriften oder Klebstoffr\u00fcckst\u00e4nde. Auf Wunsch auch bei Ihnen im Betrieb &#8211; selbstverst\u00e4ndlich k\u00fcmmern wir uns auch um die Entsorgung. Wir montieren und demontieren fachgerecht und professionell Bautafeln, Tafeln, Blachen, Schilder, [&hellip;]<\/p>\n","protected":false},"author":1,"featured_media":0,"parent":0,"menu_order":1,"comment_status":"closed","ping_status":"closed","template":"","meta":{"site-sidebar-layout":"no-sidebar","site-content-layout":"page-builder","ast-site-content-layout":"default","site-content-style":"default","site-sidebar-style":"default","ast-global-header-display":"","ast-banner-title-visibility":"","ast-main-header-display":"","ast-hfb-above-header-display":"","ast-hfb-below-header-display":"","ast-hfb-mobile-header-display":"","site-post-title":"disabled","ast-breadcrumbs-content":"","ast-featured-img":"disabled","footer-sml-layout":"","ast-disable-related-posts":"","theme-transparent-header-meta":"","adv-header-id-meta":"","stick-header-meta":"","header-above-stick-meta":"","header-main-stick-meta":"","header-below-stick-meta":"","astra-migrate-meta-layouts":"default","ast-page-background-enabled":"default","ast-page-background-meta":{"desktop":{"background-color":"","background-image":"","background-repeat":"repeat","background-position":"center center","background-size":"auto","background-attachment":"scroll","background-type":"","background-media":"","overlay-type":"","overlay-color":"","overlay-opacity":"","overlay-gradient":""},"tablet":{"background-color":"","background-image":"","background-repeat":"repeat","background-position":"center center","background-size":"auto","background-attachment":"scroll","background-type":"","background-media":"","overlay-type":"","overlay-color":"","overlay-opacity":"","overlay-gradient":""},"mobile":{"background-color":"","background-image":"","background-repeat":"repeat","background-position":"center center","background-size":"auto","background-attachment":"scroll","background-type":"","background-media":"","overlay-type":"","overlay-color":"","overlay-opacity":"","overlay-gradient":""}},"ast-content-background-meta":{"desktop":{"background-color":"var(--ast-global-color-5)","background-image":"","background-repeat":"repeat","background-position":"center center","background-size":"auto","background-attachment":"scroll","background-type":"","background-media":"","overlay-type":"","overlay-color":"","overlay-opacity":"","overlay-gradient":""},"tablet":{"background-color":"var(--ast-global-color-5)","background-image":"","background-repeat":"repeat","background-position":"center center","background-size":"auto","background-attachment":"scroll","background-type":"","background-media":"","overlay-type":"","overlay-color":"","overlay-opacity":"","overlay-gradient":""},"mobile":{"background-color":"var(--ast-global-color-5)","background-image":"","background-repeat":"repeat","background-position":"center center","background-size":"auto","background-attachment":"scroll","background-type":"","background-media":"","overlay-type":"","overlay-color":"","overlay-opacity":"","overlay-gradient":""}},"footnotes":""},"class_list":["post-1202","page","type-page","status-publish","hentry"],"_links":{"self":[{"href":"https:\/\/mcbeschriftungen.ch\/index.php?rest_route=\/wp\/v2\/pages\/1202","targetHints":{"allow":["GET"]}}],"collection":[{"href":"https:\/\/mcbeschriftungen.ch\/index.php?rest_route=\/wp\/v2\/pages"}],"about":[{"href":"https:\/\/mcbeschriftungen.ch\/index.php?rest_route=\/wp\/v2\/types\/page"}],"author":[{"embeddable":true,"href":"https:\/\/mcbeschriftungen.ch\/index.php?rest_route=\/wp\/v2\/users\/1"}],"replies":[{"embeddable":true,"href":"https:\/\/mcbeschriftungen.ch\/index.php?rest_route=%2Fwp%2Fv2%2Fcomments&post=1202"}],"version-history":[{"count":11,"href":"https:\/\/mcbeschriftungen.ch\/index.php?rest_route=\/wp\/v2\/pages\/1202\/revisions"}],"predecessor-version":[{"id":1453,"href":"https:\/\/mcbeschriftungen.ch\/index.php?rest_route=\/wp\/v2\/pages\/1202\/revisions\/1453"}],"wp:attachment":[{"href":"https:\/\/mcbeschriftungen.ch\/index.php?rest_route=%2Fwp%2Fv2%2Fmedia&parent=1202"}],"curies":[{"name":"wp","href":"https:\/\/api.w.org\/{rel}","templated":true}]}}